{"id":1340,"date":"2024-09-30T08:14:29","date_gmt":"2024-09-30T08:14:29","guid":{"rendered":"https:\/\/nazmiakpinar.com.tr\/?page_id=1340"},"modified":"2024-10-01T10:18:54","modified_gmt":"2024-10-01T10:18:54","slug":"alt-yapi","status":"publish","type":"page","link":"https:\/\/nazmiakpinar.com.tr\/?page_id=1340","title":{"rendered":"Alt Yap\u0131"},"content":{"rendered":"\t\t<div data-elementor-type=\"wp-page\" data-elementor-id=\"1340\" class=\"elementor elementor-1340\" data-elementor-post-type=\"page\">\n\t\t\t\t<div class=\"elementor-element elementor-element-cbf96fc e-flex e-con-boxed e-con e-parent\" data-id=\"cbf96fc\" data-element_type=\"container\">\n\t\t\t\t\t<div class=\"e-con-inner\">\n\t\t\t\t<div class=\"elementor-element elementor-element-e0392d2 elementor-widget elementor-widget-text-editor\" data-id=\"e0392d2\" data-element_type=\"widget\" data-widget_type=\"text-editor.default\">\n\t\t\t\t<div class=\"elementor-widget-container\">\n\t\t\t\t\t\t\t<p><b>Alt Yap\u0131<\/b><br>Bir yap\u0131 i\u00e7in gerekli olan yol, kanalizasyon, su, elektrik gibi d\u00f6\u015femlerin t\u00fcm\u00fc veya toplumun ekonomik yap\u0131s\u0131n\u0131 olu\u015fturan ve insan bilincinden ba\u011f\u0131ms\u0131z olarak bi\u00e7imlenen \u00fcretim ili\u015fkilerinin t\u00fcm\u00fcne alt yap\u0131 denir.<\/p>\n<p>Firmam\u0131z; faaliyetlerini y\u00fcr\u00fctt\u00fc\u011f\u00fc alanlarda, modern \u00e7a\u011f\u0131n t\u00fcm gereksinimlerini kar\u015f\u0131layacak alt yap\u0131 tesislerini de en m\u00fckemmel \u015fekilde in\u015fa etmektedir.<\/p>\n<p><b>Yol<\/b><\/p>\n<p>\u015eirketlerimiz, faaliyet g\u00f6sterdi\u011fi alanlarda ihtiya\u00e7 duyulan t\u00fcm yollar\u0131n yap\u0131m\u0131n\u0131 da kendisi yapmaktad\u0131r. Tasar\u0131 a\u015famas\u0131nda trafik yo\u011funlu\u011funun ne olaca\u011f\u0131, yolu ne t\u00fcrden ara\u00e7lar\u0131n kullanaca\u011f\u0131 ve ortalama h\u0131zlar\u0131n\u0131n ne olaca\u011f\u0131 incelenir. Topra\u011f\u0131n ve zeminin niteli\u011fini a\u00e7\u0131\u011fa \u00e7\u0131karmak i\u00e7in gerekli zemin ara\u015ft\u0131rmas\u0131 en ince detay\u0131na kadar yap\u0131l\u0131r.<\/p>\n<p><b>Su<\/b><\/p>\n<p>\u0130\u00e7me, kullanma ve end\u00fcstri suyu ihtiya\u00e7lar\u0131n\u0131n kar\u015f\u0131lanmas\u0131 i\u00e7in gerekli olan isale hatlar\u0131 in\u015faat\u0131 en uygun \u015fartlarda in\u015fa edilmektedir.<\/p>\n<p><b>Kanalizasyon<\/b><\/p>\n<p>Kanalizasyon \u00e7al\u0131\u015fmalar\u0131m\u0131z; son teknik ara\u00e7 ve makineler ile titizlikle yap\u0131lmaktad\u0131r. \u00c7al\u0131\u015fmalar\u0131m\u0131zda; t\u00fcm sorunlar\u0131n\u0131z kesin olarak \u00e7\u00f6z\u00fcme kavu\u015fturulmakta ve m\u00fc\u015fteri memnunuiyetinin sa\u011flanmas\u0131 i\u00e7in gerekli olan t\u00fcm i\u015flemler, i\u015f bittikten sonra da \u00f6zenle takip edilmektedir.<\/p>\n<p><b>At\u0131k su ve ya\u011fmur suyu hatlar\u0131<\/b><\/p>\n<p>At\u0131k su ve ya\u011fmur suyu i\u00e7in ayr\u0131 ayr\u0131 plan ve proje haz\u0131rlanarak t\u00fcm kanallar detayland\u0131r\u0131lmaktad\u0131r. Bu planlarda toplay\u0131c\u0131, ta\u015f\u0131y\u0131c\u0131 ve kolekt\u00f6r kanal g\u00fczergahlar\u0131 ile birlikte varsa terfi hatlar\u0131 da belirtilmektedir. Toplama havzalar\u0131 ve u\u00e7 debilerini de g\u00f6sterecek \u015fekilde ya\u011fmur suyu ve at\u0131k su sistemleri i\u00e7in ayr\u0131 ayr\u0131 planlar haz\u0131rlanmaktad\u0131r. Plan ve kesitlerin d\u00fczenlenmesi s\u0131ras\u0131nda baca yerleri ile e\u011fim ve \u00e7ap\u0131n de\u011fi\u015fti\u011fi noktalardaki kotlar i\u00e7in haritalardaki mevcut kotlar ve tesviye e\u011frilerinden faydalan\u0131l\u0131r.<\/p>\n<p>Her kanala su veren b\u00f6lgelerin su toplama alanlar\u0131n\u0131, \u00f6l\u00e7\u00fclen alanlar\u0131n y\u00fcz\u00f6l\u00e7\u00fcmleri ile birlikte s\u0131n\u0131rlar\u0131n\u0131 da belirten, ak\u0131\u015f y\u00f6nleri, yol k\u0131rm\u0131z\u0131 kotu, kanal akar kotu, baca numaralar\u0131, iki baca aras\u0131 uzakl\u0131k, e\u011fim, \u00e7ap, kesit ve kanal tipleri, kontrol bacalar\u0131 ya\u011fmur suyu giri\u015f bacalar\u0131, \u0131zgaralar\u0131 ve gerekli detay projeleri i\u00e7eren planlar haz\u0131rlanmaktad\u0131r.<\/p>\n<p><b>Elektrik, telefon ve do\u011falgaz<\/b><\/p>\n<p>\u015eirketlerimiz; Akp\u0131nar Sanayi B\u00f6lgesi i\u00e7indeki fabrika ve i\u015f merkezleri, ofis ve y\u00f6netim binalar\u0131, akaryak\u0131t istasyonlar\u0131, her t\u00fcrl\u00fc al\u0131\u015fveri\u015f merkezleri, \u015fehir kul\u00fcb\u00fc, spor tesisleri, \u00e7ay bah\u00e7eleri ve benzeri tesislerin elektrik, telefon ve do\u011falgaz ihtiya\u00e7lar\u0131na cevap verecek plan ve projelerin yap\u0131m\u0131 ile kurulumlar\u0131n\u0131 en profesyonel bir \u015fekilde yerine getirmektedir.<\/p>\n<p><b>Hafriyat i\u015fleri<\/b><\/p>\n<p>\u015eirketlerimiz , toplu konut, farika, sanayi tesisleri, i\u015f merkezleri, alt yap\u0131 ve benzeri hafriyat i\u015flerinde hizmet vermektedir. Modern ve y\u00fcksek kapasiteli makine park\u0131m\u0131z ve deneyimli teknik kadromuzla her t\u00fcrl\u00fc hafriyat \u0130\u015flerine k\u0131sa s\u00fcrede \u00e7\u00f6z\u00fcm \u00fcretmekteyiz. Hafriyat i\u015fi \u00f6ncesi b\u00f6lgenin jeolojik yap\u0131s\u0131 incelenerek, i\u015fin zaman ve maliyet \u00e7al\u0131\u015fmas\u0131 ger\u00e7ekle\u015ftirilir.<\/p>\n<p><b>Kaz\u0131kl\u0131 sistemler<\/b><\/p>\n<p>\u015eirketlerimiz; fore kaz\u0131k, \u00e7akma kaz\u0131k, jet grouting, mini kaz\u0131k, ankraj, iksa sistemleri ve benzeri konularda faaliyet g\u00f6stermektedir. Bu \u00e7er\u00e7evede firmam\u0131z, fabrika, i\u015f merkezi ve konut gibi in\u015fa edilecek yap\u0131lar\u0131n temel m\u00fchendisli\u011fi projesinde ve zemin et\u00fcd\u00fc, zemin \u0131slah\u0131, kaz\u0131kl\u0131 temeller ve derin kaz\u0131 destekleme konular\u0131nda hem proje haz\u0131rlamakta, hem de uygulama yapmaktad\u0131r.<\/p>\n<p><b>Her t\u00fcrl\u00fc izolasyon i\u015fleri<\/b><\/p>\n<p>Yap\u0131lar\u0131n uzun \u00f6m\u00fcrl\u00fc olabilmesi, sa\u011fl\u0131kl\u0131, konforlu ve g\u00fcvenli bir ortam sa\u011flayabilmesi i\u00e7in, i\u00e7 ve d\u0131\u015f etkenlere kar\u015f\u0131 do\u011fru bir \u015fekilde korunmas\u0131 gerekmektedir. S\u00f6z konusu i\u00e7 ve d\u0131\u015f etkenlerden korunabilmenin en etkin yolu izolasyon yani yal\u0131t\u0131md\u0131r. Yapm\u0131\u015f oldu\u011fumuz t\u00fcm tesislerde, gerek olu\u015fturulan tasar\u0131mlar, gerekse kullan\u0131lan malzemeler ile m\u00fc\u015fteri memnuniyetini ve uzun s\u00fcrede maliyet avantajlar\u0131n\u0131 sa\u011flamaktay\u0131z.<\/p>\n<p><b>Peysaj i\u015fleri<\/b><\/p>\n<p>\u015eirketlerimiz; geni\u015f kapsaml\u0131 peysaj i\u015fleri yan\u0131nda, in\u015fa etti\u011fi tesislerin \u00e7evresinde ihtiya\u00e7 duyulan her t\u00fcrl\u00fc peysaj i\u015flerini de yapmaktad\u0131r.<\/p>\t\t\t\t\t\t<\/div>\n\t\t\t\t<\/div>\n\t\t\t\t\t<\/div>\n\t\t\t\t<\/div>\n\t\t\t\t<\/div>\n\t\t","protected":false},"excerpt":{"rendered":"<p>Alt Yap\u0131Bir yap\u0131 i\u00e7in gerekli olan yol, kanalizasyon, su, elektrik gibi d\u00f6\u015femlerin t\u00fcm\u00fc veya toplumun ekonomik yap\u0131s\u0131n\u0131 olu\u015fturan ve insan bilincinden ba\u011f\u0131ms\u0131z olarak bi\u00e7imlenen \u00fcretim ili\u015fkilerinin t\u00fcm\u00fcne alt yap\u0131 denir. Firmam\u0131z; faaliyetlerini y\u00fcr\u00fctt\u00fc\u011f\u00fc alanlarda, modern \u00e7a\u011f\u0131n t\u00fcm gereksinimlerini kar\u015f\u0131layacak alt yap\u0131 tesislerini de en m\u00fckemmel \u015fekilde in\u015fa etmektedir. Yol \u015eirketlerimiz, [&hellip;]<\/p>\n","protected":false},"author":1,"featured_media":0,"parent":0,"menu_order":0,"comment_status":"closed","ping_status":"closed","template":"","meta":{"footnotes":""},"class_list":["post-1340","page","type-page","status-publish","hentry"],"_links":{"self":[{"href":"https:\/\/nazmiakpinar.com.tr\/index.php?rest_route=\/wp\/v2\/pages\/1340","targetHints":{"allow":["GET"]}}],"collection":[{"href":"https:\/\/nazmiakpinar.com.tr\/index.php?rest_route=\/wp\/v2\/pages"}],"about":[{"href":"https:\/\/nazmiakpinar.com.tr\/index.php?rest_route=\/wp\/v2\/types\/page"}],"author":[{"embeddable":true,"href":"https:\/\/nazmiakpinar.com.tr\/index.php?rest_route=\/wp\/v2\/users\/1"}],"replies":[{"embeddable":true,"href":"https:\/\/nazmiakpinar.com.tr\/index.php?rest_route=%2Fwp%2Fv2%2Fcomments&post=1340"}],"version-history":[{"count":4,"href":"https:\/\/nazmiakpinar.com.tr\/index.php?rest_route=\/wp\/v2\/pages\/1340\/revisions"}],"predecessor-version":[{"id":1479,"href":"https:\/\/nazmiakpinar.com.tr\/index.php?rest_route=\/wp\/v2\/pages\/1340\/revisions\/1479"}],"wp:attachment":[{"href":"https:\/\/nazmiakpinar.com.tr\/index.php?rest_route=%2Fwp%2Fv2%2Fmedia&parent=1340"}],"curies":[{"name":"wp","href":"https:\/\/api.w.org\/{rel}","templated":true}]}}