{"id":1342,"date":"2024-09-30T08:14:29","date_gmt":"2024-09-30T08:14:29","guid":{"rendered":"https:\/\/nazmiakpinar.com.tr\/?page_id=1342"},"modified":"2024-10-01T10:22:23","modified_gmt":"2024-10-01T10:22:23","slug":"sosyal-ve-kulturel-tesisler-yapimi","status":"publish","type":"page","link":"https:\/\/nazmiakpinar.com.tr\/?page_id=1342","title":{"rendered":"Sosyal ve K\u00fclt\u00fcrel Tesisler Yap\u0131m\u0131"},"content":{"rendered":"\t\t<div data-elementor-type=\"wp-page\" data-elementor-id=\"1342\" class=\"elementor elementor-1342\" data-elementor-post-type=\"page\">\n\t\t\t\t<div class=\"elementor-element elementor-element-9ecc807 e-flex e-con-boxed e-con e-parent\" data-id=\"9ecc807\" data-element_type=\"container\">\n\t\t\t\t\t<div class=\"e-con-inner\">\n\t\t\t\t<div class=\"elementor-element elementor-element-2d0dc8e elementor-widget elementor-widget-text-editor\" data-id=\"2d0dc8e\" data-element_type=\"widget\" data-widget_type=\"text-editor.default\">\n\t\t\t\t<div class=\"elementor-widget-container\">\n\t\t\t\t\t\t\t<p><b>Sosyal ve K\u00fclt\u00fcrel Tesisler Yap\u0131m\u0131<br><\/b>Sosyal ve k\u00fclt\u00fcrel tesisler yap\u0131m\u0131 Kapsam\u0131nda; Firmam\u0131z, her t\u00fcrl\u00fc al\u0131\u015fveri\u015f merkezleri, \u015fehir kul\u00fcb\u00fc, spor tesisleri, cami, park, y\u00fcr\u00fcy\u00fc\u015f ve dinlenme alanlar\u0131, \u00e7ay bah\u00e7eleri ve benzeri tesislerin plan ve projesiyle yap\u0131m\u0131n\u0131 en profesyonel bir \u015fekilde, en uygun maliyetlerde m\u00fc\u015fterilerine sunmaktad\u0131r.<\/p>\t\t\t\t\t\t<\/div>\n\t\t\t\t<\/div>\n\t\t\t\t\t<\/div>\n\t\t\t\t<\/div>\n\t\t\t\t<\/div>\n\t\t","protected":false},"excerpt":{"rendered":"<p>Sosyal ve K\u00fclt\u00fcrel Tesisler Yap\u0131m\u0131Sosyal ve k\u00fclt\u00fcrel tesisler yap\u0131m\u0131 Kapsam\u0131nda; Firmam\u0131z, her t\u00fcrl\u00fc al\u0131\u015fveri\u015f merkezleri, \u015fehir kul\u00fcb\u00fc, spor tesisleri, cami, park, y\u00fcr\u00fcy\u00fc\u015f ve dinlenme alanlar\u0131, \u00e7ay bah\u00e7eleri ve benzeri tesislerin plan ve projesiyle yap\u0131m\u0131n\u0131 en profesyonel bir \u015fekilde, en uygun maliyetlerde m\u00fc\u015fterilerine sunmaktad\u0131r.<\/p>\n","protected":false},"author":1,"featured_media":0,"parent":0,"menu_order":0,"comment_status":"closed","ping_status":"closed","template":"","meta":{"footnotes":""},"class_list":["post-1342","page","type-page","status-publish","hentry"],"_links":{"self":[{"href":"https:\/\/nazmiakpinar.com.tr\/index.php?rest_route=\/wp\/v2\/pages\/1342","targetHints":{"allow":["GET"]}}],"collection":[{"href":"https:\/\/nazmiakpinar.com.tr\/index.php?rest_route=\/wp\/v2\/pages"}],"about":[{"href":"https:\/\/nazmiakpinar.com.tr\/index.php?rest_route=\/wp\/v2\/types\/page"}],"author":[{"embeddable":true,"href":"https:\/\/nazmiakpinar.com.tr\/index.php?rest_route=\/wp\/v2\/users\/1"}],"replies":[{"embeddable":true,"href":"https:\/\/nazmiakpinar.com.tr\/index.php?rest_route=%2Fwp%2Fv2%2Fcomments&post=1342"}],"version-history":[{"count":4,"href":"https:\/\/nazmiakpinar.com.tr\/index.php?rest_route=\/wp\/v2\/pages\/1342\/revisions"}],"predecessor-version":[{"id":1485,"href":"https:\/\/nazmiakpinar.com.tr\/index.php?rest_route=\/wp\/v2\/pages\/1342\/revisions\/1485"}],"wp:attachment":[{"href":"https:\/\/nazmiakpinar.com.tr\/index.php?rest_route=%2Fwp%2Fv2%2Fmedia&parent=1342"}],"curies":[{"name":"wp","href":"https:\/\/api.w.org\/{rel}","templated":true}]}}