{"id":1343,"date":"2024-09-30T08:14:29","date_gmt":"2024-09-30T08:14:29","guid":{"rendered":"https:\/\/nazmiakpinar.com.tr\/?page_id=1343"},"modified":"2024-10-01T10:23:36","modified_gmt":"2024-10-01T10:23:36","slug":"akaryakit-istasyonlari","status":"publish","type":"page","link":"https:\/\/nazmiakpinar.com.tr\/?page_id=1343","title":{"rendered":"Akaryak\u0131t \u0130stasyonlar\u0131"},"content":{"rendered":"\t\t<div data-elementor-type=\"wp-page\" data-elementor-id=\"1343\" class=\"elementor elementor-1343\" data-elementor-post-type=\"page\">\n\t\t\t\t<div class=\"elementor-element elementor-element-2b41658 e-flex e-con-boxed e-con e-parent\" data-id=\"2b41658\" data-element_type=\"container\">\n\t\t\t\t\t<div class=\"e-con-inner\">\n\t\t\t\t<div class=\"elementor-element elementor-element-d300340 elementor-widget elementor-widget-text-editor\" data-id=\"d300340\" data-element_type=\"widget\" data-widget_type=\"text-editor.default\">\n\t\t\t\t<div class=\"elementor-widget-container\">\n\t\t\t\t\t\t\t<p><b>Akaryak\u0131t \u0130stasyonlar\u0131<br><\/b>Grubumuzun, Akp\u0131nar Sanayi B\u00f6lgesi ve \u00e7evresinde iki adet akaryak\u0131t istasyonu bulunmaktad\u0131r.<\/p>\n<p>Sanayi b\u00f6lgesi i\u00e7inde yer alan <b>ASB Petrol<\/b> ve Yass\u0131\u00f6ren mahallesi \u00e7\u0131k\u0131\u015f\u0131nda yer alan <b>Karabeyo\u011flu Petrol<\/b> ile Akp\u0131nar Sanayi B\u00f6lgesi ve \u00e7evresinde ihtiya\u00e7 duyulan her t\u00fcrl\u00fc akaryak\u0131t ve otogaz ihtiyac\u0131n\u0131 kar\u015f\u0131lamaktad\u0131r.<\/p>\t\t\t\t\t\t<\/div>\n\t\t\t\t<\/div>\n\t\t\t\t\t<\/div>\n\t\t\t\t<\/div>\n\t\t\t\t<\/div>\n\t\t","protected":false},"excerpt":{"rendered":"<p>Akaryak\u0131t \u0130stasyonlar\u0131Grubumuzun, Akp\u0131nar Sanayi B\u00f6lgesi ve \u00e7evresinde iki adet akaryak\u0131t istasyonu bulunmaktad\u0131r. Sanayi b\u00f6lgesi i\u00e7inde yer alan ASB Petrol ve Yass\u0131\u00f6ren mahallesi \u00e7\u0131k\u0131\u015f\u0131nda yer alan Karabeyo\u011flu Petrol ile Akp\u0131nar Sanayi B\u00f6lgesi ve \u00e7evresinde ihtiya\u00e7 duyulan her t\u00fcrl\u00fc akaryak\u0131t ve otogaz ihtiyac\u0131n\u0131 kar\u015f\u0131lamaktad\u0131r.<\/p>\n","protected":false},"author":1,"featured_media":0,"parent":0,"menu_order":0,"comment_status":"closed","ping_status":"closed","template":"","meta":{"footnotes":""},"class_list":["post-1343","page","type-page","status-publish","hentry"],"_links":{"self":[{"href":"https:\/\/nazmiakpinar.com.tr\/index.php?rest_route=\/wp\/v2\/pages\/1343","targetHints":{"allow":["GET"]}}],"collection":[{"href":"https:\/\/nazmiakpinar.com.tr\/index.php?rest_route=\/wp\/v2\/pages"}],"about":[{"href":"https:\/\/nazmiakpinar.com.tr\/index.php?rest_route=\/wp\/v2\/types\/page"}],"author":[{"embeddable":true,"href":"https:\/\/nazmiakpinar.com.tr\/index.php?rest_route=\/wp\/v2\/users\/1"}],"replies":[{"embeddable":true,"href":"https:\/\/nazmiakpinar.com.tr\/index.php?rest_route=%2Fwp%2Fv2%2Fcomments&post=1343"}],"version-history":[{"count":4,"href":"https:\/\/nazmiakpinar.com.tr\/index.php?rest_route=\/wp\/v2\/pages\/1343\/revisions"}],"predecessor-version":[{"id":1488,"href":"https:\/\/nazmiakpinar.com.tr\/index.php?rest_route=\/wp\/v2\/pages\/1343\/revisions\/1488"}],"wp:attachment":[{"href":"https:\/\/nazmiakpinar.com.tr\/index.php?rest_route=%2Fwp%2Fv2%2Fmedia&parent=1343"}],"curies":[{"name":"wp","href":"https:\/\/api.w.org\/{rel}","templated":true}]}}