{"id":1344,"date":"2024-09-30T08:14:29","date_gmt":"2024-09-30T08:14:29","guid":{"rendered":"https:\/\/nazmiakpinar.com.tr\/?page_id=1344"},"modified":"2024-10-01T10:25:12","modified_gmt":"2024-10-01T10:25:12","slug":"hazir-beton","status":"publish","type":"page","link":"https:\/\/nazmiakpinar.com.tr\/?page_id=1344","title":{"rendered":"Haz\u0131r Beton"},"content":{"rendered":"\t\t<div data-elementor-type=\"wp-page\" data-elementor-id=\"1344\" class=\"elementor elementor-1344\" data-elementor-post-type=\"page\">\n\t\t\t\t<div class=\"elementor-element elementor-element-0e53fad e-flex e-con-boxed e-con e-parent\" data-id=\"0e53fad\" data-element_type=\"container\">\n\t\t\t\t\t<div class=\"e-con-inner\">\n\t\t\t\t<div class=\"elementor-element elementor-element-32581f1 elementor-widget elementor-widget-text-editor\" data-id=\"32581f1\" data-element_type=\"widget\" data-widget_type=\"text-editor.default\">\n\t\t\t\t<div class=\"elementor-widget-container\">\n\t\t\t\t\t\t\t<p><b>Haz\u0131r Beton<br>Nazmi Akp\u0131nar Beton<\/b>, 2008 y\u0131l\u0131nda kurulmu\u015ftur. Akp\u0131nar Beton; Akp\u0131nar Hizmet, Akp\u0131nar Proje ve \u0130n\u015faat, ASB petrol, Karabeyo\u011flu Petrol, Akp\u0131nar Sigorta, Akp\u0131nar Medical, Akp\u0131nar Lojistik ve Akp\u0131nar Gayrimenkul \u015firketlerinin yer ald\u0131\u011f\u0131 Akp\u0131nar Group\u2019 un b\u00fcnyesinde yer alan 9 \u015firketten biridir.<\/p>\n<p><b>Nazmi Akp\u0131nar Beton<\/b>, kendi fonksiyon alanlar\u0131nda, Akp\u0131nar Sanayi B\u00f6lgesi ile \u00e7evresinin bu g\u00fcn ve gelecekteki ihtiya\u00e7lar\u0131n\u0131 kar\u015f\u0131lama ve b\u00f6lgede yer alan kurumlar\u0131n vizyonlar\u0131n\u0131 daha h\u0131zl\u0131 ger\u00e7ekle\u015ftirmeleri i\u00e7in \u00f6nc\u00fcl\u00fck etmektedir.<\/p>\n<p><b>Nazmi Akp\u0131nar Beton<\/b>, toplam kalite y\u00f6netimi prensipleri \u00e7er\u00e7evesinde, profesyonel bir anlay\u0131\u015fla y\u00f6netilmektedir.<\/p>\n<p><b>\u0130stanbul \u2013 Had\u0131mk\u00f6y\u2019deki Akp\u0131nar Sanayi B\u00f6lgesinde faaliyetlerini y\u00fcr\u00fcten Nazmi Akp\u0131nar Beton;<\/b> \u0130stanbul, Akp\u0131nar Sanayi B\u00f6lgesi ve \u00e7evresinde yer alan farkl\u0131 sekt\u00f6rlerin ihtiya\u00e7lar\u0131na, kendine \u00f6zg\u00fc \u00e7\u00f6z\u00fcmleriyle, \u00e7a\u011fda\u015f ve geli\u015fen teknolojiye uygun, m\u00fc\u015fteri memnuniyetine odakl\u0131 hizmet vermektedir.<\/p>\n<p>Nazmi Akp\u0131nar Haz\u0131r Beton; b\u00f6lgemizde ihtiya\u00e7 duyulan her cins haz\u0131r betonu, b\u00fcnyesinde faaliyet y\u00fcr\u00fcten laboratuvar\u0131 sayesinde standartlara uygun y\u00fcksek kalitede \u00fcretip en k\u0131sa s\u00fcre i\u00e7inde istenilen yere ula\u015ft\u0131rma gayreti i\u00e7indedir.<\/p>\n<p>Akp\u0131nar beton, 2008 y\u0131l\u0131nda saatte 200 metrek\u00fcp haz\u0131r beton \u00fcretimi yapacak kapasitede in\u015fa edilmi\u015ftir. 10.000 m2\u2019lik alan \u00fczerinde; ar-ge, laboratuar, ar\u015fiv, sat\u0131n alma, pazarlama, \u00fcretim, sevkiyat, muhasebe ve idari i\u015fler \u00fcniteli olarak kurulmu\u015ftur. Akp\u0131nar beton\u2019un kurmu\u015f oldu\u011fu tesisler sayesinde; hem kalite, hem maliyet, hem de h\u0131z a\u00e7\u0131s\u0131ndan \u00e7ok \u00f6nemli kazan\u0131mlar sa\u011flanm\u0131\u015f, beton g\u00fcnleri yerine beton saatleri ba\u015flam\u0131\u015ft\u0131r. 100 m3\/h kapasiteli iki santralin g\u00fcnl\u00fck \u00fcretimi 4000 m3 t\u00fcr. Bu santral, sanayi b\u00f6lgesinde kurulacak sanayi tesislerinin \u00fcretim maliyetlerini d\u00fc\u015f\u00fcrmek ve in\u015faat faaliyetlerini te\u015fvik etmek amac\u0131 ile in\u015faa edilmi\u015ftir. \u00dcretilen haz\u0131r beton; 11 transmikser ve 3 mobil pompa ile hizmete sunulmaktad\u0131r.<\/p>\t\t\t\t\t\t<\/div>\n\t\t\t\t<\/div>\n\t\t\t\t\t<\/div>\n\t\t\t\t<\/div>\n\t\t\t\t<\/div>\n\t\t","protected":false},"excerpt":{"rendered":"<p>Haz\u0131r BetonNazmi Akp\u0131nar Beton, 2008 y\u0131l\u0131nda kurulmu\u015ftur. Akp\u0131nar Beton; Akp\u0131nar Hizmet, Akp\u0131nar Proje ve \u0130n\u015faat, ASB petrol, Karabeyo\u011flu Petrol, Akp\u0131nar Sigorta, Akp\u0131nar Medical, Akp\u0131nar Lojistik ve Akp\u0131nar Gayrimenkul \u015firketlerinin yer ald\u0131\u011f\u0131 Akp\u0131nar Group\u2019 un b\u00fcnyesinde yer alan 9 \u015firketten biridir. Nazmi Akp\u0131nar Beton, kendi fonksiyon alanlar\u0131nda, Akp\u0131nar Sanayi B\u00f6lgesi ile [&hellip;]<\/p>\n","protected":false},"author":1,"featured_media":0,"parent":0,"menu_order":0,"comment_status":"closed","ping_status":"closed","template":"","meta":{"footnotes":""},"class_list":["post-1344","page","type-page","status-publish","hentry"],"_links":{"self":[{"href":"https:\/\/nazmiakpinar.com.tr\/index.php?rest_route=\/wp\/v2\/pages\/1344","targetHints":{"allow":["GET"]}}],"collection":[{"href":"https:\/\/nazmiakpinar.com.tr\/index.php?rest_route=\/wp\/v2\/pages"}],"about":[{"href":"https:\/\/nazmiakpinar.com.tr\/index.php?rest_route=\/wp\/v2\/types\/page"}],"author":[{"embeddable":true,"href":"https:\/\/nazmiakpinar.com.tr\/index.php?rest_route=\/wp\/v2\/users\/1"}],"replies":[{"embeddable":true,"href":"https:\/\/nazmiakpinar.com.tr\/index.php?rest_route=%2Fwp%2Fv2%2Fcomments&post=1344"}],"version-history":[{"count":4,"href":"https:\/\/nazmiakpinar.com.tr\/index.php?rest_route=\/wp\/v2\/pages\/1344\/revisions"}],"predecessor-version":[{"id":1491,"href":"https:\/\/nazmiakpinar.com.tr\/index.php?rest_route=\/wp\/v2\/pages\/1344\/revisions\/1491"}],"wp:attachment":[{"href":"https:\/\/nazmiakpinar.com.tr\/index.php?rest_route=%2Fwp%2Fv2%2Fmedia&parent=1344"}],"curies":[{"name":"wp","href":"https:\/\/api.w.org\/{rel}","templated":true}]}}