{"id":1445,"date":"2024-09-30T08:14:57","date_gmt":"2024-09-30T08:14:57","guid":{"rendered":"https:\/\/nazmiakpinar.com.tr\/?page_id=1445"},"modified":"2024-10-02T11:19:43","modified_gmt":"2024-10-02T11:19:43","slug":"staj","status":"publish","type":"page","link":"https:\/\/nazmiakpinar.com.tr\/?page_id=1445","title":{"rendered":"Staj"},"content":{"rendered":"\t\t<div data-elementor-type=\"wp-page\" data-elementor-id=\"1445\" class=\"elementor elementor-1445\" data-elementor-post-type=\"page\">\n\t\t\t\t<div class=\"elementor-element elementor-element-8427c15 e-flex e-con-boxed e-con e-parent\" data-id=\"8427c15\" data-element_type=\"container\">\n\t\t\t\t\t<div class=\"e-con-inner\">\n\t\t\t\t<div class=\"elementor-element elementor-element-f54de14 elementor-widget elementor-widget-text-editor\" data-id=\"f54de14\" data-element_type=\"widget\" data-widget_type=\"text-editor.default\">\n\t\t\t\t<div class=\"elementor-widget-container\">\n\t\t\t\t\t\t\t<h1 class=\"baslik1solsag\">Staj<\/h1><div class=\"orta-kutu-sol-sag orta-kutu-sol-sag-icerik\"><ul><li><span>Mevcut projelerin uygun olmas\u0131 ve kontenjanlar\u0131 do\u011frultusunda \u00f6\u011frencilere staj imkan\u0131 sa\u011flamaktad\u0131r. Staj yapmak isteyen \u00f6\u011frenciler, ba\u015fvuru kabul d\u00f6neminde yay\u0131nlayaca\u011f\u0131m\u0131z staj ilan\u0131na k\u0131sa bilgileri, not ortalamas\u0131, staj yapmak istedikleri b\u00f6l\u00fcm\u00fc ve staj s\u00fcresini belirten \u00f6zge\u00e7mi\u015f ve zorunlu staj okul yaz\u0131s\u0131n\u0131 ekleyerek web sitemizden ba\u015fvurabilirler. Ba\u015fvurular de\u011ferlendirildikten sonra staj ba\u015fvurusu hakk\u0131ndaki olumlu veya olumsuz olan sonu\u00e7, \u00f6\u011frencilere e-posta veya telefon arac\u0131l\u0131\u011f\u0131 ile bildirilir.<\/span><\/li><\/ul><\/div>\t\t\t\t\t\t<\/div>\n\t\t\t\t<\/div>\n\t\t\t\t\t<\/div>\n\t\t\t\t<\/div>\n\t\t\t\t<\/div>\n\t\t","protected":false},"excerpt":{"rendered":"<p>Staj Mevcut projelerin uygun olmas\u0131 ve kontenjanlar\u0131 do\u011frultusunda \u00f6\u011frencilere staj imkan\u0131 sa\u011flamaktad\u0131r. Staj yapmak isteyen \u00f6\u011frenciler, ba\u015fvuru kabul d\u00f6neminde yay\u0131nlayaca\u011f\u0131m\u0131z staj ilan\u0131na k\u0131sa bilgileri, not ortalamas\u0131, staj yapmak istedikleri b\u00f6l\u00fcm\u00fc ve staj s\u00fcresini belirten \u00f6zge\u00e7mi\u015f ve zorunlu staj okul yaz\u0131s\u0131n\u0131 ekleyerek web sitemizden ba\u015fvurabilirler. Ba\u015fvurular de\u011ferlendirildikten sonra staj ba\u015fvurusu hakk\u0131ndaki [&hellip;]<\/p>\n","protected":false},"author":1,"featured_media":0,"parent":0,"menu_order":0,"comment_status":"closed","ping_status":"closed","template":"","meta":{"footnotes":""},"class_list":["post-1445","page","type-page","status-publish","hentry"],"_links":{"self":[{"href":"https:\/\/nazmiakpinar.com.tr\/index.php?rest_route=\/wp\/v2\/pages\/1445","targetHints":{"allow":["GET"]}}],"collection":[{"href":"https:\/\/nazmiakpinar.com.tr\/index.php?rest_route=\/wp\/v2\/pages"}],"about":[{"href":"https:\/\/nazmiakpinar.com.tr\/index.php?rest_route=\/wp\/v2\/types\/page"}],"author":[{"embeddable":true,"href":"https:\/\/nazmiakpinar.com.tr\/index.php?rest_route=\/wp\/v2\/users\/1"}],"replies":[{"embeddable":true,"href":"https:\/\/nazmiakpinar.com.tr\/index.php?rest_route=%2Fwp%2Fv2%2Fcomments&post=1445"}],"version-history":[{"count":7,"href":"https:\/\/nazmiakpinar.com.tr\/index.php?rest_route=\/wp\/v2\/pages\/1445\/revisions"}],"predecessor-version":[{"id":1586,"href":"https:\/\/nazmiakpinar.com.tr\/index.php?rest_route=\/wp\/v2\/pages\/1445\/revisions\/1586"}],"wp:attachment":[{"href":"https:\/\/nazmiakpinar.com.tr\/index.php?rest_route=%2Fwp%2Fv2%2Fmedia&parent=1445"}],"curies":[{"name":"wp","href":"https:\/\/api.w.org\/{rel}","templated":true}]}}