{"id":200,"date":"2024-09-09T08:37:53","date_gmt":"2024-09-09T08:37:53","guid":{"rendered":"https:\/\/nazmiakpinar.com.tr\/?page_id=200"},"modified":"2024-09-30T08:22:27","modified_gmt":"2024-09-30T08:22:27","slug":"iletisim","status":"publish","type":"page","link":"https:\/\/nazmiakpinar.com.tr\/?page_id=200","title":{"rendered":"\u0130leti\u015fim"},"content":{"rendered":"\t\t<div data-elementor-type=\"wp-page\" data-elementor-id=\"200\" class=\"elementor elementor-200\" data-elementor-post-type=\"page\">\n\t\t\t\t<div class=\"elementor-element elementor-element-591a716e e-flex e-con-boxed e-con e-parent\" data-id=\"591a716e\" data-element_type=\"container\">\n\t\t\t\t\t<div class=\"e-con-inner\">\n\t\t\t\t<div class=\"elementor-element elementor-element-c39fdb0 elementor-widget elementor-widget-google_maps\" data-id=\"c39fdb0\" data-element_type=\"widget\" data-widget_type=\"google_maps.default\">\n\t\t\t\t<div class=\"elementor-widget-container\">\n\t\t\t\t\t<div class=\"elementor-custom-embed\">\n\t\t\t<iframe loading=\"lazy\"\n\t\t\t\t\tsrc=\"https:\/\/maps.google.com\/maps?q=Yass%C4%B1%C3%B6ren%20Mahallesi%20Bay%C4%B1nd%C4%B1r%20Caddesi%20No%3A%205%2FA%20%20%20%20%20%20%20%20%20%20%20%20%20%20%20%20%20%20%20Zemin%20Kat%20%20%203.%20Ofis%20%20%20%20%20%20%20%20Arnavutk%C3%B6y%2F%C4%B0stanbul&#038;t=m&#038;z=14&#038;output=embed&#038;iwloc=near\"\n\t\t\t\t\ttitle=\"Yass\u0131\u00f6ren Mahallesi Bay\u0131nd\u0131r Caddesi No: 5\/A                   Zemin Kat   3. Ofis        Arnavutk\u00f6y\/\u0130stanbul\"\n\t\t\t\t\taria-label=\"Yass\u0131\u00f6ren Mahallesi Bay\u0131nd\u0131r Caddesi No: 5\/A                   Zemin Kat   3. Ofis        Arnavutk\u00f6y\/\u0130stanbul\"\n\t\t\t><\/iframe>\n\t\t<\/div>\n\t\t\t\t<\/div>\n\t\t\t\t<\/div>\n\t\t\t\t<div class=\"elementor-element elementor-element-2a141c2 elementor-widget elementor-widget-text-editor\" data-id=\"2a141c2\" data-element_type=\"widget\" data-widget_type=\"text-editor.default\">\n\t\t\t\t<div class=\"elementor-widget-container\">\n\t\t\t\t\t\t\t<p>Nazmi Akp\u0131nar \u015eirketler Grubu<\/p>\n<p>\u00a0<span style=\"white-space: pre;\"> <\/span> <span style=\"white-space: pre;\"> <\/span> <span style=\"white-space: pre;\"> <\/span><\/p>\n<p>Adres\u00a0 \u00a0 : Yass\u0131\u00f6ren Mahallesi Bay\u0131nd\u0131r Caddesi No: 5\/A\u00a0<\/p>\n<p><span style=\"font-size: inherit; text-align: var(--text-align);\">Zemin Kat\u00a0 \u00a03. Ofis\u00a0 \u00a0 \u00a0 \u00a0 Arnavutk\u00f6y\/\u0130stanbul<\/span><\/p>\n<p><span style=\"font-size: inherit; text-align: var(--text-align);\">Telefon : +90 (212) 780 06 91<\/span><\/p>\n<p>Faks\u00a0 \u00a0 \u00a0 : +90 (212) 780 09 94<\/p>\n<p><span style=\"font-size: inherit; text-align: var(--text-align);\">E-Posta : info@nazmiakpinar.com.tr<\/span><\/p>\t\t\t\t\t\t<\/div>\n\t\t\t\t<\/div>\n\t\t\t\t\t<\/div>\n\t\t\t\t<\/div>\n\t\t\t\t<\/div>\n\t\t","protected":false},"excerpt":{"rendered":"<p>Nazmi Akp\u0131nar \u015eirketler Grubu \u00a0 Adres\u00a0 \u00a0 : Yass\u0131\u00f6ren Mahallesi Bay\u0131nd\u0131r Caddesi No: 5\/A\u00a0 Zemin Kat\u00a0 \u00a03. Ofis\u00a0 \u00a0 \u00a0 \u00a0 Arnavutk\u00f6y\/\u0130stanbul Telefon : +90 (212) 780 06 91 Faks\u00a0 \u00a0 \u00a0 : +90 (212) 780 09 94 E-Posta : info@nazmiakpinar.com.tr<\/p>\n","protected":false},"author":1,"featured_media":0,"parent":0,"menu_order":0,"comment_status":"closed","ping_status":"closed","template":"","meta":{"footnotes":""},"class_list":["post-200","page","type-page","status-publish","hentry"],"_links":{"self":[{"href":"https:\/\/nazmiakpinar.com.tr\/index.php?rest_route=\/wp\/v2\/pages\/200","targetHints":{"allow":["GET"]}}],"collection":[{"href":"https:\/\/nazmiakpinar.com.tr\/index.php?rest_route=\/wp\/v2\/pages"}],"about":[{"href":"https:\/\/nazmiakpinar.com.tr\/index.php?rest_route=\/wp\/v2\/types\/page"}],"author":[{"embeddable":true,"href":"https:\/\/nazmiakpinar.com.tr\/index.php?rest_route=\/wp\/v2\/users\/1"}],"replies":[{"embeddable":true,"href":"https:\/\/nazmiakpinar.com.tr\/index.php?rest_route=%2Fwp%2Fv2%2Fcomments&post=200"}],"version-history":[{"count":24,"href":"https:\/\/nazmiakpinar.com.tr\/index.php?rest_route=\/wp\/v2\/pages\/200\/revisions"}],"predecessor-version":[{"id":1467,"href":"https:\/\/nazmiakpinar.com.tr\/index.php?rest_route=\/wp\/v2\/pages\/200\/revisions\/1467"}],"wp:attachment":[{"href":"https:\/\/nazmiakpinar.com.tr\/index.php?rest_route=%2Fwp%2Fv2%2Fmedia&parent=200"}],"curies":[{"name":"wp","href":"https:\/\/api.w.org\/{rel}","templated":true}]}}